{"id":954,"date":"2025-09-12T09:24:29","date_gmt":"2025-09-12T07:24:29","guid":{"rendered":"https:\/\/www.icash.at\/?page_id=954"},"modified":"2025-09-14T15:46:38","modified_gmt":"2025-09-14T13:46:38","slug":"impressum","status":"publish","type":"page","link":"https:\/\/www.icash.at\/?page_id=954","title":{"rendered":""},"content":{"rendered":"\t\t<div data-elementor-type=\"wp-page\" data-elementor-id=\"954\" class=\"elementor elementor-954\">\n\t\t\t\t<div class=\"elementor-element elementor-element-d759be1 e-flex e-con-boxed wpr-particle-no wpr-jarallax-no wpr-parallax-no wpr-sticky-section-no e-con e-parent\" data-id=\"d759be1\" data-element_type=\"container\" data-e-type=\"container\">\n\t\t\t\t\t<div class=\"e-con-inner\">\n\t\t\t\t<div class=\"elementor-element elementor-element-3303bea exad-sticky-section-no exad-glass-effect-no elementor-widget elementor-widget-heading\" data-id=\"3303bea\" data-element_type=\"widget\" data-e-type=\"widget\" data-widget_type=\"heading.default\">\n\t\t\t\t\t<h2 class=\"elementor-heading-title elementor-size-default\">Impressum<\/h2>\t\t\t\t<\/div>\n\t\t\t\t<div class=\"elementor-element elementor-element-b9ae5b8 exad-sticky-section-no exad-glass-effect-no elementor-widget elementor-widget-text-editor\" data-id=\"b9ae5b8\" data-element_type=\"widget\" data-e-type=\"widget\" data-widget_type=\"text-editor.default\">\n\t\t\t\t\t\t\t\t\t<p>\u00a9 2025 Martin M\u00e4rzinger<br \/><br \/>F\u00f6hrenstra\u00dfe 5, 4614 Marchtrenk<br \/><br \/><a href=\"mailto:maerzijun93@gmail.com\">maerzijun93@gmail.com<\/a><br \/><a href=\"tel:+436643900463\">+43 664 3900463<\/a><\/p>\t\t\t\t\t\t\t\t<\/div>\n\t\t\t\t\t<\/div>\n\t\t\t\t<\/div>\n\t\t\t\t<\/div>\n\t\t","protected":false},"excerpt":{"rendered":"<p>Impressum \u00a9 2025 Martin M\u00e4rzinger F\u00f6hrenstra\u00dfe 5, 4614 Marchtrenk maerzijun93@gmail.com+43 664 3900463<\/p>\n","protected":false},"author":1,"featured_media":0,"parent":0,"menu_order":0,"comment_status":"closed","ping_status":"closed","template":"","meta":{"footnotes":""},"class_list":["post-954","page","type-page","status-publish","hentry"],"_links":{"self":[{"href":"https:\/\/www.icash.at\/index.php?rest_route=\/wp\/v2\/pages\/954","targetHints":{"allow":["GET"]}}],"collection":[{"href":"https:\/\/www.icash.at\/index.php?rest_route=\/wp\/v2\/pages"}],"about":[{"href":"https:\/\/www.icash.at\/index.php?rest_route=\/wp\/v2\/types\/page"}],"author":[{"embeddable":true,"href":"https:\/\/www.icash.at\/index.php?rest_route=\/wp\/v2\/users\/1"}],"replies":[{"embeddable":true,"href":"https:\/\/www.icash.at\/index.php?rest_route=%2Fwp%2Fv2%2Fcomments&post=954"}],"version-history":[{"count":42,"href":"https:\/\/www.icash.at\/index.php?rest_route=\/wp\/v2\/pages\/954\/revisions"}],"predecessor-version":[{"id":1448,"href":"https:\/\/www.icash.at\/index.php?rest_route=\/wp\/v2\/pages\/954\/revisions\/1448"}],"wp:attachment":[{"href":"https:\/\/www.icash.at\/index.php?rest_route=%2Fwp%2Fv2%2Fmedia&parent=954"}],"curies":[{"name":"wp","href":"https:\/\/api.w.org\/{rel}","templated":true}]}}